{"id":347,"date":"2014-09-30T06:44:02","date_gmt":"2014-09-30T06:44:02","guid":{"rendered":"http:\/\/quanticalabs.com\/wp_themes3\/fable\/?page_id=347"},"modified":"2025-12-24T05:26:50","modified_gmt":"2025-12-24T05:26:50","slug":"about-us-i","status":"publish","type":"page","link":"https:\/\/luisgalvan.edu.pe\/?page_id=347","title":{"rendered":"Nosotros"},"content":{"rendered":"<div id=\"pb_line_03BBCB605D2764F9FD58F7168D45212E\"  class=\"pb-line pb-clear-fix\" style=\"background-repeat:no-repeat;\"><ul class=\"pb-layout pb-layout-100 pb-reset-list pb-clear-fix pb-main\"><li class=\"pb-layout-column-left\"> <div class=\"pb-space-line\"><\/div><div><div class=\"pb-space-line\"><\/div><div class=\"pb-space pb-clear-fix\" style=\"margin-top:-80px;\"><\/div><\/div><\/li><\/ul><\/div><div class=\"pb-script-tag\"><script type=\"text\/javascript\">jQuery(document).ready(function($){$(\"#pb_line_03BBCB605D2764F9FD58F7168D45212E\").PBLayout({\"bg_parallax_speed\":\"30\",\"bg_parallax_enable\":\"0\",\"bg_parallax_mobile_enable\":\"0\"},0);});<\/script><\/div><div id=\"pb_line_5873546FECDD0BD598F770A450E0F466\"  class=\"pb-line pb-clear-fix theme-section-padding-top theme-section-padding-bottom aligncenter\" style=\"background-repeat:no-repeat;\"><ul class=\"pb-layout pb-layout-50x50 pb-reset-list pb-clear-fix pb-main\"><li class=\"pb-layout-column-left\"> <div class=\"pb-space-line\"><\/div><div><h3 class=\"pb-header pb-top-0\"><span class=\"pb-header-content\">Brindamos a nuestros alumnos<b>una educaci\u00f3n en valores<\/b><\/span><\/h3><div class=\"pb-divider pb-clear-fix aligncenter\" style=\"width:50px;border-bottom-width:2px;border-style:solid;border-color:#FE6500;margin-top:40px;margin-bottom:40px;\"><\/div><h6 class=\"pb-header\" style=\"font-size:20px;font-style:italic;\"><span class=\"pb-header-content\">A fin de prepararlos para enfrentar las exigencias acad\u00e9micas del mundo actual, y de promover su desarrollo personal y un pensamiento aut\u00f3nomo.<\/span><\/h6><div class=\"pb-space-line\"><\/div><div class=\"pb-space pb-clear-fix\" style=\"height:30px;\"><\/div><\/div><\/li><li class=\"pb-layout-column-right\"> <div class=\"pb-space-line\"><\/div><div><div class=\"pb-gallery pb-clear-fix\" id=\"pb_gallery_7128CD7AE22FC2A7278F1984618A1CAA\"><ul class=\"pb-layout-100 pb-reset-list pb-clear-fix\"><li class=\"pb-layout-column-left\"><div class=\"pb-image-box pb-image-preloader pb-image-preloader-animation-enable pb-image-type-image\"><div class=\"pb-image\"><img src=\"https:\/\/luisgalvan.edu.pe\/wp-content\/uploads\/2020\/12\/about-us-i-ima1-690x449.jpg\" alt=\"\"\/><\/div><\/div><\/li><\/ul><\/div><div class=\"pb-script-tag\"><script type=\"text\/javascript\">jQuery(document).ready(function($){$('#pb_gallery_7128CD7AE22FC2A7278F1984618A1CAA').PBGallery({\"hover_type\":\"fade\",\"hover_enable\":\"0\",\"preloader_enable\":\"1\",\"layout_full_width_enable\":\"0\"});});<\/script><\/div><div class=\"pb-space-line\"><\/div><div class=\"pb-space pb-clear-fix\" style=\"margin-top:-30px;\"><\/div><\/div><\/li><\/ul><\/div><div class=\"pb-script-tag\"><script type=\"text\/javascript\">jQuery(document).ready(function($){$(\"#pb_line_5873546FECDD0BD598F770A450E0F466\").PBLayout({\"bg_parallax_speed\":\"30\",\"bg_parallax_enable\":\"0\",\"bg_parallax_mobile_enable\":\"0\"},0);});<\/script><\/div><div id=\"pb_line_EF4C0AABBE594163F9D4172638AF731C\"  class=\"pb-line pb-clear-fix theme-section-padding-top theme-section-padding-bottom aligncenter\" style=\"background-color:#F5F5F5;background-repeat:no-repeat;\"><ul class=\"pb-layout pb-layout-50x50 pb-reset-list pb-clear-fix pb-main\"><li class=\"pb-layout-column-left\"> <div class=\"pb-space-line\"><\/div><div><div class=\"pb-gallery pb-clear-fix\" id=\"pb_gallery_5106CC65F85DCCE71B022922E527B0F4\"><ul class=\"pb-layout-100 pb-reset-list pb-clear-fix\"><li class=\"pb-layout-column-left\"><div class=\"pb-image-box pb-image-preloader pb-image-preloader-animation-enable pb-image-type-image\"><div class=\"pb-image\"><img src=\"https:\/\/luisgalvan.edu.pe\/wp-content\/uploads\/2020\/12\/about-us-i-ima2-690x506.jpg\" alt=\"\"\/><\/div><\/div><\/li><\/ul><\/div><div class=\"pb-script-tag\"><script type=\"text\/javascript\">jQuery(document).ready(function($){$('#pb_gallery_5106CC65F85DCCE71B022922E527B0F4').PBGallery({\"hover_type\":\"fade\",\"hover_enable\":\"0\",\"preloader_enable\":\"1\",\"layout_full_width_enable\":\"0\"});});<\/script><\/div><div class=\"pb-space-line\"><\/div><div class=\"pb-space pb-clear-fix\" style=\"margin-top:-30px;\"><\/div><\/div><\/li><li class=\"pb-layout-column-right\"> <div class=\"pb-space-line\"><\/div><div><h3 class=\"pb-header pb-top-0\" style=\"line-height:1.2em;\"><span class=\"pb-header-content\">En el colegio fomentamos <b>las potencialidades individuales<\/b><\/span><\/h3><div class=\"pb-divider pb-clear-fix aligncenter\" style=\"width:50px;border-bottom-width:2px;border-style:solid;border-color:#FE6500;margin-top:40px;margin-bottom:40px;\"><\/div><h6 class=\"pb-header\" style=\"font-size:20px;font-style:italic;\"><span class=\"pb-header-content\">a la vez que propiciamos que nuestros alumnos disfruten de su aprendizaje y sientan satisfacci\u00f3n al vencer dificultades y ver reconocidos sus logros.<\/span><\/h6><div class=\"pb-text\"><p>Todo ello nos ha permitido forjar un entorno educativo diferente, en el que atendemos las caracter\u00edsticas particulares de cada alumno y respetamos sus diferentes intereses y formas de aprender.<\/p>\n<\/div><div class=\"pb-space-line\"><\/div><div class=\"pb-space pb-clear-fix\" style=\"height:30px;\"><\/div><\/div><\/li><\/ul><\/div><div class=\"pb-script-tag\"><script type=\"text\/javascript\">jQuery(document).ready(function($){$(\"#pb_line_EF4C0AABBE594163F9D4172638AF731C\").PBLayout({\"bg_parallax_speed\":\"30\",\"bg_parallax_enable\":\"0\",\"bg_parallax_mobile_enable\":\"0\"},0);});<\/script><\/div><div id=\"pb_line_F71957EEB32382101DD8FB63587E2258\"  class=\"pb-line pb-clear-fix theme-section-padding-top theme-section-padding-bottom aligncenter\" style=\"background-repeat:no-repeat;\"><ul class=\"pb-layout pb-layout-50x50 pb-reset-list pb-clear-fix pb-main\"><li class=\"pb-layout-column-left\"> <div class=\"pb-space-line\"><\/div><div><h3 class=\"pb-header pb-top-0\" style=\"line-height:1.2em;\"><span class=\"pb-header-content\">En un ambiente general<b>de respeto<\/b><\/span><\/h3><div class=\"pb-text\"><p>Se trabajan con especial \u00e9nfasis la autodisciplina y los valores universales. As\u00ed, nuestros alumnos tienen la oportunidad de planificar y organizar su propio trabajo, cumplir con las exigencias y metas que se\u00f1ala la Instituci\u00f3n Educativa, aceptar responsabilidades, trabajar en equipo y mostrarse solidarios. Las artes y los deportes son tambi\u00e9n parte importante de su aprendizaje.<\/p>\n<\/div><div class=\"pb-space-line\"><\/div><div class=\"pb-space pb-clear-fix\" style=\"height:30px;\"><\/div><\/div><\/li><li class=\"pb-layout-column-right\"> <div class=\"pb-space-line\"><\/div><div><div class=\"pb-gallery pb-clear-fix\" id=\"pb_gallery_FA8A0314C48902257F447E25A0469C78\"><ul class=\"pb-layout-100 pb-reset-list pb-clear-fix\"><li class=\"pb-layout-column-left\"><div class=\"pb-image-box pb-image-preloader pb-image-preloader-animation-enable pb-image-type-image\"><div class=\"pb-image\"><img src=\"https:\/\/luisgalvan.edu.pe\/wp-content\/uploads\/2020\/12\/about-us-i-ima3.jpg\" alt=\"\"\/><\/div><\/div><\/li><\/ul><\/div><div class=\"pb-script-tag\"><script type=\"text\/javascript\">jQuery(document).ready(function($){$('#pb_gallery_FA8A0314C48902257F447E25A0469C78').PBGallery({\"hover_type\":\"fade\",\"hover_enable\":\"0\",\"preloader_enable\":\"1\",\"layout_full_width_enable\":\"0\"});});<\/script><\/div><div class=\"pb-space-line\"><\/div><div class=\"pb-space pb-clear-fix\" style=\"margin-top:-30px;\"><\/div><\/div><\/li><\/ul><\/div><div class=\"pb-script-tag\"><script type=\"text\/javascript\">jQuery(document).ready(function($){$(\"#pb_line_F71957EEB32382101DD8FB63587E2258\").PBLayout({\"bg_parallax_speed\":\"30\",\"bg_parallax_enable\":\"0\",\"bg_parallax_mobile_enable\":\"0\"},0);});<\/script><\/div><div id=\"pb_line_F944710A65B8BD150DAC29775E719280\"  class=\"pb-line pb-clear-fix theme-section-padding-top theme-section-padding-bottom aligncenter\" style=\"background-color:#F5F5F5;background-repeat:no-repeat;\"><ul class=\"pb-layout pb-layout-50x50 pb-reset-list pb-clear-fix pb-main\"><li class=\"pb-layout-column-left\"> <div class=\"pb-space-line\"><\/div><div><div class=\"pb-gallery pb-clear-fix\" id=\"pb_gallery_F63E75464340213D2AE7D3A1CDD96B91\"><ul class=\"pb-layout-100 pb-reset-list pb-clear-fix\"><li class=\"pb-layout-column-left\"><div class=\"pb-image-box pb-image-preloader pb-image-preloader-animation-enable pb-image-type-image\"><div class=\"pb-image\"><img src=\"https:\/\/luisgalvan.edu.pe\/wp-content\/uploads\/2020\/12\/about-us-i-ima4.jpg\" alt=\"\"\/><\/div><\/div><\/li><\/ul><\/div><div class=\"pb-script-tag\"><script type=\"text\/javascript\">jQuery(document).ready(function($){$('#pb_gallery_F63E75464340213D2AE7D3A1CDD96B91').PBGallery({\"hover_type\":\"fade\",\"hover_enable\":\"0\",\"preloader_enable\":\"1\",\"layout_full_width_enable\":\"0\"});});<\/script><\/div><div class=\"pb-space-line\"><\/div><div class=\"pb-space pb-clear-fix\" style=\"margin-top:-30px;\"><\/div><\/div><\/li><li class=\"pb-layout-column-right\"> <div class=\"pb-space-line\"><\/div><div><h3 class=\"pb-header pb-top-0\" style=\"line-height:1.2em;\"><span class=\"pb-header-content\">Para promover eficientemente un adecuado<b>desarrollo personal y acad\u00e9mico<\/b><\/span><\/h3><h6 class=\"pb-header\" style=\"font-size:20px;font-style:italic;\"><span class=\"pb-header-content\">cada secci\u00f3n cuenta con un tutor cuya misi\u00f3n consiste en conocer y apoyar a cada alumno, y generar un espacio de trabajo agradable.<\/span><\/h6><div class=\"pb-text\"><p>Todo ello nos ha permitido forjar un entorno educativo diferente, en el que atendemos las caracter\u00edsticas particulares de cada alumno y respetamos sus diferentes intereses y formas de aprender.<\/p>\n<\/div><div class=\"pb-space-line\"><\/div><div class=\"pb-space pb-clear-fix\" style=\"height:30px;\"><\/div><\/div><\/li><\/ul><\/div><div class=\"pb-script-tag\"><script type=\"text\/javascript\">jQuery(document).ready(function($){$(\"#pb_line_F944710A65B8BD150DAC29775E719280\").PBLayout({\"bg_parallax_speed\":\"30\",\"bg_parallax_enable\":\"0\",\"bg_parallax_mobile_enable\":\"0\"},0);});<\/script><\/div><div id=\"pb_line_CBDFB557F150C7BEC9A694CAC33786F7\"  class=\"pb-line pb-clear-fix theme-section-padding-top theme-section-padding-bottom\" style=\"background-position:center center;background-repeat:no-repeat;\"><ul class=\"pb-layout pb-layout-100 pb-reset-list pb-clear-fix pb-main\"><li class=\"pb-layout-column-left\"> <div class=\"pb-space-line\"><\/div><div><div class=\"pb-header-subheader\"><h2 class=\"pb-header\"><span class=\"pb-header-content\">Por otra parte, comprendemos el rol que la familia tiene en la educaci\u00f3n,<\/span><\/h2><h6 class=\"pb-subheader\"><span class=\"pb-subheader-content\">por lo que el intercambio de informaci\u00f3n entre alumnos, profesores y padres de familia es permanente y fluido. La importancia que otorgamos a las visitas, reuniones y entrevistas de informaci\u00f3n durante el proceso educativo son muestras del significado que tiene para nosotros establecer una adecuada comunicaci\u00f3n desde el inicio.<\/span><\/h6><\/div><div class=\"pb-space-line\"><\/div><div class=\"pb-space pb-clear-fix\" style=\"height:30px;\"><\/div><\/div><\/li><\/ul><\/div><div class=\"pb-script-tag\"><script type=\"text\/javascript\">jQuery(document).ready(function($){$(\"#pb_line_CBDFB557F150C7BEC9A694CAC33786F7\").PBLayout({\"bg_parallax_speed\":\"100\",\"bg_parallax_enable\":\"1\",\"bg_parallax_mobile_enable\":\"0\"},0);});<\/script><\/div><div id=\"pb_line_F35B949C43AF99C8FF0521228190599F\"  class=\"pb-line pb-clear-fix aligncenter\" style=\"background-repeat:no-repeat;\"><ul class=\"pb-layout pb-layout-100 pb-reset-list pb-clear-fix pb-main\"><li class=\"pb-layout-column-left\"> <div class=\"pb-space-line\"><\/div><div><div class=\"pb-button pb-button-size-small\" id=\"pb_button_36919532A3B4BEF33806DD071F11CB1F\"><a href=\"https:\/\/luisgalvan.edu.pe\/noticias\/\" class=\"pb-window-target-self\" style=\"border-width:0px;border-radius:0px;\"><span class=\"pb-button-box\"><span class=\"pb-button-icon\"><\/span><span class=\"pb-button-content\">Ver m\u00e1s ...<i class=\"pb-button-arrow pb-button-arrow-right\"><\/i><\/span><\/span><\/a><\/div><div class=\"pb-script-tag\"><script type=\"text\/javascript\">jQuery(document).ready(function($) {$('#pb_button_36919532A3B4BEF33806DD071F11CB1F').PBButton({\"out\":{\"border-width\":\"0px\",\"border-radius\":\"0px\"},\"in\":{\"border-width\":\"0px\",\"border-radius\":\"0px\"}});});<\/script><\/div><div class=\"pb-space-line\"><\/div><div class=\"pb-space pb-clear-fix\" style=\"margin-top:-5px;\"><\/div><\/div><\/li><\/ul><\/div><div class=\"pb-script-tag\"><script type=\"text\/javascript\">jQuery(document).ready(function($){$(\"#pb_line_F35B949C43AF99C8FF0521228190599F\").PBLayout({\"bg_parallax_speed\":\"30\",\"bg_parallax_enable\":\"0\",\"bg_parallax_mobile_enable\":\"0\"},0);});<\/script><\/div>\n","protected":false},"excerpt":{"rendered":"","protected":false},"author":1,"featured_media":0,"parent":0,"menu_order":0,"comment_status":"open","ping_status":"open","template":"main.php","meta":[],"_links":{"self":[{"href":"https:\/\/luisgalvan.edu.pe\/index.php?rest_route=\/wp\/v2\/pages\/347"}],"collection":[{"href":"https:\/\/luisgalvan.edu.pe\/index.php?rest_route=\/wp\/v2\/pages"}],"about":[{"href":"https:\/\/luisgalvan.edu.pe\/index.php?rest_route=\/wp\/v2\/types\/page"}],"author":[{"embeddable":true,"href":"https:\/\/luisgalvan.edu.pe\/index.php?rest_route=\/wp\/v2\/users\/1"}],"replies":[{"embeddable":true,"href":"https:\/\/luisgalvan.edu.pe\/index.php?rest_route=%2Fwp%2Fv2%2Fcomments&post=347"}],"version-history":[{"count":6,"href":"https:\/\/luisgalvan.edu.pe\/index.php?rest_route=\/wp\/v2\/pages\/347\/revisions"}],"predecessor-version":[{"id":1954,"href":"https:\/\/luisgalvan.edu.pe\/index.php?rest_route=\/wp\/v2\/pages\/347\/revisions\/1954"}],"wp:attachment":[{"href":"https:\/\/luisgalvan.edu.pe\/index.php?rest_route=%2Fwp%2Fv2%2Fmedia&parent=347"}],"curies":[{"name":"wp","href":"https:\/\/api.w.org\/{rel}","templated":true}]}}